{"id":5539,"date":"2024-01-16T15:34:34","date_gmt":"2024-01-16T14:34:34","guid":{"rendered":"https:\/\/keyfuture.com\/soluzioni-on-demand\/"},"modified":"2025-05-12T16:15:00","modified_gmt":"2025-05-12T14:15:00","slug":"soluciones-bajo-demanda","status":"publish","type":"page","link":"https:\/\/keyfuture.com\/es\/soluciones-bajo-demanda\/","title":{"rendered":"Soluciones bajo demanda"},"content":{"rendered":"\t\t<div data-elementor-type=\"wp-page\" data-elementor-id=\"5539\" class=\"elementor elementor-5539 elementor-769\" data-elementor-post-type=\"page\">\n\t\t\t\t\t\t<section data-dce-background-image-url=\"https:\/\/keyfuture.com\/wp-content\/uploads\/2024\/01\/backgroundOnDemand.webp\" class=\"elementor-section elementor-top-section elementor-element elementor-element-f7d768e elementor-section-boxed elementor-section-height-default elementor-section-height-default\" data-id=\"f7d768e\" data-element_type=\"section\" data-e-type=\"section\" data-settings=\"{&quot;jet_parallax_layout_list&quot;:[],&quot;background_background&quot;:&quot;classic&quot;}\">\n\t\t\t\t\t\t<div class=\"elementor-container elementor-column-gap-wider\">\n\t\t\t\t\t<div class=\"elementor-column elementor-col-100 elementor-top-column elementor-element elementor-element-284ba57\" data-id=\"284ba57\" data-element_type=\"column\" data-e-type=\"column\">\n\t\t\t<div class=\"elementor-widget-wrap elementor-element-populated\">\n\t\t\t\t\t\t<div class=\"elementor-element elementor-element-653c7d7 elementor-widget elementor-widget-heading\" data-id=\"653c7d7\" data-element_type=\"widget\" data-e-type=\"widget\" data-widget_type=\"heading.default\">\n\t\t\t\t<div class=\"elementor-widget-container\">\n\t\t\t\t\t<h1 class=\"elementor-heading-title elementor-size-default\">Soluciones On Demand<\/h1>\t\t\t\t<\/div>\n\t\t\t\t<\/div>\n\t\t\t\t<div class=\"elementor-element elementor-element-6b6b704 elementor-widget elementor-widget-text-editor\" data-id=\"6b6b704\" data-element_type=\"widget\" data-e-type=\"widget\" data-widget_type=\"text-editor.default\">\n\t\t\t\t<div class=\"elementor-widget-container\">\n\t\t\t\t\t\t\t\t\tKF se compromete a ofrecer soluciones personalizadas que respondan exactamente a sus necesidades. \t\t\t\t\t\t\t\t<\/div>\n\t\t\t\t<\/div>\n\t\t\t\t<div class=\"elementor-element elementor-element-261e34f elementor-align-center elementor-widget elementor-widget-button\" data-id=\"261e34f\" data-element_type=\"widget\" data-e-type=\"widget\" data-widget_type=\"button.default\">\n\t\t\t\t<div class=\"elementor-widget-container\">\n\t\t\t\t\t\t\t\t\t<div class=\"elementor-button-wrapper\">\n\t\t\t\t\t<a class=\"elementor-button elementor-button-link elementor-size-sm\" href=\"https:\/\/keyfuture.com\/es\/contactos\/\">\n\t\t\t\t\t\t<span class=\"elementor-button-content-wrapper\">\n\t\t\t\t\t\t<span class=\"elementor-button-icon\">\n\t\t\t\t<svg xmlns=\"http:\/\/www.w3.org\/2000\/svg\" xmlns:xlink=\"http:\/\/www.w3.org\/1999\/xlink\" id=\"Livello_1\" x=\"0px\" y=\"0px\" viewBox=\"0 0 351.5 255.6\" style=\"enable-background:new 0 0 351.5 255.6;\" xml:space=\"preserve\"><style type=\"text\/css\">\t.st0{fill:#FFFFFF;}<\/style><g>\t<path class=\"st0\" d=\"M296.4,143.5c-1.5,0-3.7,0-5.2,0c-90.7,0-181.4,0-272.1,0c-2.5,0-5.1,0-7.4-0.6c-7.4-2-12.4-9.3-11.5-16.7  c0.9-8.2,7.1-14,15.1-14.4c1.5-0.1,3-0.1,4.5-0.1c90.6,0,181.2,0,271.8,0l5.3,0l-3.3-3.5c-26.7-26.6-53.3-53.2-80-79.9  c-6.8-6.8-7.5-15.9-1.8-22.5c5.6-6.6,15.4-7.6,22.2-2.1c1.1,0.9,2,1.9,3,2.8c36,36,72,72,108,108c8.9,8.9,8.9,17.5,0.1,26.3  c-36.3,36.3-72.5,72.5-108.8,108.8c-4.8,4.8-10.1,7.3-16.9,5.4c-11.4-3.1-15.6-16.8-7.9-25.8c0.9-1,1.9-2,2.9-2.9  c26.4-26.4,52.8-52.8,79.1-79.1L296.4,143.5z\"><\/path><\/g><\/svg>\t\t\t<\/span>\n\t\t\t\t\t\t\t\t\t<span class=\"elementor-button-text\">Cont\u00e1ctenos<\/span>\n\t\t\t\t\t<\/span>\n\t\t\t\t\t<\/a>\n\t\t\t\t<\/div>\n\t\t\t\t\t\t\t\t<\/div>\n\t\t\t\t<\/div>\n\t\t\t\t<div class=\"elementor-element elementor-element-3a83e77 animated-slow elementor-widget elementor-widget-heading\" data-id=\"3a83e77\" data-element_type=\"widget\" data-e-type=\"widget\" data-settings=\"{&quot;motion_fx_translateY_effect&quot;:&quot;yes&quot;,&quot;motion_fx_translateY_speed&quot;:{&quot;unit&quot;:&quot;px&quot;,&quot;size&quot;:2.5,&quot;sizes&quot;:[]},&quot;motion_fx_translateY_affectedRange&quot;:{&quot;unit&quot;:&quot;%&quot;,&quot;size&quot;:&quot;&quot;,&quot;sizes&quot;:{&quot;start&quot;:40,&quot;end&quot;:50}},&quot;_animation&quot;:&quot;none&quot;,&quot;motion_fx_motion_fx_scrolling&quot;:&quot;yes&quot;,&quot;motion_fx_opacity_effect&quot;:&quot;yes&quot;,&quot;motion_fx_opacity_range&quot;:{&quot;unit&quot;:&quot;%&quot;,&quot;size&quot;:&quot;&quot;,&quot;sizes&quot;:{&quot;start&quot;:20,&quot;end&quot;:50}},&quot;motion_fx_opacity_direction&quot;:&quot;out-in&quot;,&quot;motion_fx_opacity_level&quot;:{&quot;unit&quot;:&quot;px&quot;,&quot;size&quot;:10,&quot;sizes&quot;:[]},&quot;motion_fx_devices&quot;:[&quot;desktop&quot;,&quot;laptop&quot;,&quot;tablet&quot;,&quot;mobile&quot;]}\" data-widget_type=\"heading.default\">\n\t\t\t\t<div class=\"elementor-widget-container\">\n\t\t\t\t\t<h3 class=\"elementor-heading-title elementor-size-default\">Una soluci\u00f3n a medida<\/h3>\t\t\t\t<\/div>\n\t\t\t\t<\/div>\n\t\t\t\t<div class=\"elementor-element elementor-element-b386a5d elementor-widget elementor-widget-text-editor\" data-id=\"b386a5d\" data-element_type=\"widget\" data-e-type=\"widget\" data-widget_type=\"text-editor.default\">\n\t\t\t\t<div class=\"elementor-widget-container\">\n\t\t\t\t\t\t\t\t\tEn caso de que los productos est\u00e1ndar no satisfagan plenamente la demanda, estamos dispuestos a trabajar con usted para crear una soluci\u00f3n personalizada. Esto significa definir juntos las especificaciones y los objetivos, colaborar estrechamente para crear una soluci\u00f3n a medida con componentes y tratamientos ad hoc.\t\t\t\t\t\t\t\t<\/div>\n\t\t\t\t<\/div>\n\t\t\t\t\t<\/div>\n\t\t<\/div>\n\t\t\t\t\t<\/div>\n\t\t<\/section>\n\t\t\t\t<section data-dce-background-color=\"#0A122B\" class=\"elementor-section elementor-top-section elementor-element elementor-element-1b8e42d elementor-section-boxed elementor-section-height-default elementor-section-height-default\" data-id=\"1b8e42d\" data-element_type=\"section\" data-e-type=\"section\" data-settings=\"{&quot;jet_parallax_layout_list&quot;:[],&quot;background_background&quot;:&quot;classic&quot;}\">\n\t\t\t\t\t\t<div class=\"elementor-container elementor-column-gap-wider\">\n\t\t\t\t\t<div class=\"elementor-column elementor-col-50 elementor-top-column elementor-element elementor-element-abd7f57\" data-id=\"abd7f57\" data-element_type=\"column\" data-e-type=\"column\">\n\t\t\t<div class=\"elementor-widget-wrap elementor-element-populated\">\n\t\t\t\t\t\t<div class=\"elementor-element elementor-element-1f9abfb dce_masking-none elementor-widget elementor-widget-image\" data-id=\"1f9abfb\" data-element_type=\"widget\" data-e-type=\"widget\" data-widget_type=\"image.default\">\n\t\t\t\t<div class=\"elementor-widget-container\">\n\t\t\t\t\t\t\t\t\t\t\t\t\t\t\t<img decoding=\"async\" width=\"101\" height=\"100\" src=\"https:\/\/keyfuture.com\/wp-content\/uploads\/2024\/01\/iconaondemandlavorare.svg\" class=\"attachment-full size-full wp-image-2105\" alt=\"|\" title=\"\">\t\t\t\t\t\t\t\t\t\t\t\t\t\t\t<\/div>\n\t\t\t\t<\/div>\n\t\t\t\t<div class=\"elementor-element elementor-element-a6b191e animated-slow elementor-widget elementor-widget-heading\" data-id=\"a6b191e\" data-element_type=\"widget\" data-e-type=\"widget\" data-settings=\"{&quot;motion_fx_translateY_effect&quot;:&quot;yes&quot;,&quot;motion_fx_translateY_speed&quot;:{&quot;unit&quot;:&quot;px&quot;,&quot;size&quot;:2.5,&quot;sizes&quot;:[]},&quot;motion_fx_translateY_affectedRange&quot;:{&quot;unit&quot;:&quot;%&quot;,&quot;size&quot;:&quot;&quot;,&quot;sizes&quot;:{&quot;start&quot;:40,&quot;end&quot;:50}},&quot;_animation&quot;:&quot;none&quot;,&quot;motion_fx_motion_fx_scrolling&quot;:&quot;yes&quot;,&quot;motion_fx_opacity_effect&quot;:&quot;yes&quot;,&quot;motion_fx_opacity_range&quot;:{&quot;unit&quot;:&quot;%&quot;,&quot;size&quot;:&quot;&quot;,&quot;sizes&quot;:{&quot;start&quot;:20,&quot;end&quot;:50}},&quot;motion_fx_opacity_direction&quot;:&quot;out-in&quot;,&quot;motion_fx_opacity_level&quot;:{&quot;unit&quot;:&quot;px&quot;,&quot;size&quot;:10,&quot;sizes&quot;:[]},&quot;motion_fx_devices&quot;:[&quot;desktop&quot;,&quot;laptop&quot;,&quot;tablet&quot;,&quot;mobile&quot;]}\" data-widget_type=\"heading.default\">\n\t\t\t\t<div class=\"elementor-widget-container\">\n\t\t\t\t\t<h4 class=\"elementor-heading-title elementor-size-default\">Trabajando junto a ti\nmaterializarse\ncada una de tus nuevas ideas.<\/h4>\t\t\t\t<\/div>\n\t\t\t\t<\/div>\n\t\t\t\t<div class=\"elementor-element elementor-element-0af1fa7 elementor-widget elementor-widget-text-editor\" data-id=\"0af1fa7\" data-element_type=\"widget\" data-e-type=\"widget\" data-widget_type=\"text-editor.default\">\n\t\t\t\t<div class=\"elementor-widget-container\">\n\t\t\t\t\t\t\t\t\tNuestra filosof\u00eda nos ha permitido convertir a nuestros clientes en aut\u00e9nticos \u00abpromotores empresariales\u00bb. Su satisfacci\u00f3n es nuestra principal motivaci\u00f3n, lo que nos impulsa a afrontar cada nuevo reto con entusiasmo y nos anima a trabajar junto a usted para hacer realidad cada nueva idea.\t\t\t\t\t\t\t\t<\/div>\n\t\t\t\t<\/div>\n\t\t\t\t\t<\/div>\n\t\t<\/div>\n\t\t\t\t<div class=\"elementor-column elementor-col-50 elementor-top-column elementor-element elementor-element-3b3b811\" data-id=\"3b3b811\" data-element_type=\"column\" data-e-type=\"column\">\n\t\t\t<div class=\"elementor-widget-wrap elementor-element-populated\">\n\t\t\t\t\t\t<div class=\"elementor-element elementor-element-64c0389 dce_masking-none elementor-widget elementor-widget-image\" data-id=\"64c0389\" data-element_type=\"widget\" data-e-type=\"widget\" data-widget_type=\"image.default\">\n\t\t\t\t<div class=\"elementor-widget-container\">\n\t\t\t\t\t\t\t\t\t\t\t\t\t\t\t<img decoding=\"async\" width=\"118\" height=\"113\" src=\"https:\/\/keyfuture.com\/wp-content\/uploads\/2024\/01\/iconaondemandcollaborare.svg\" class=\"attachment-full size-full wp-image-2108\" alt=\"|\" title=\"\">\t\t\t\t\t\t\t\t\t\t\t\t\t\t\t<\/div>\n\t\t\t\t<\/div>\n\t\t\t\t<div class=\"elementor-element elementor-element-0d043fc animated-slow elementor-widget elementor-widget-heading\" data-id=\"0d043fc\" data-element_type=\"widget\" data-e-type=\"widget\" data-settings=\"{&quot;motion_fx_translateY_effect&quot;:&quot;yes&quot;,&quot;motion_fx_translateY_speed&quot;:{&quot;unit&quot;:&quot;px&quot;,&quot;size&quot;:2.5,&quot;sizes&quot;:[]},&quot;motion_fx_translateY_affectedRange&quot;:{&quot;unit&quot;:&quot;%&quot;,&quot;size&quot;:&quot;&quot;,&quot;sizes&quot;:{&quot;start&quot;:40,&quot;end&quot;:50}},&quot;_animation&quot;:&quot;none&quot;,&quot;motion_fx_motion_fx_scrolling&quot;:&quot;yes&quot;,&quot;motion_fx_opacity_effect&quot;:&quot;yes&quot;,&quot;motion_fx_opacity_range&quot;:{&quot;unit&quot;:&quot;%&quot;,&quot;size&quot;:&quot;&quot;,&quot;sizes&quot;:{&quot;start&quot;:20,&quot;end&quot;:50}},&quot;motion_fx_opacity_direction&quot;:&quot;out-in&quot;,&quot;motion_fx_opacity_level&quot;:{&quot;unit&quot;:&quot;px&quot;,&quot;size&quot;:10,&quot;sizes&quot;:[]},&quot;motion_fx_devices&quot;:[&quot;desktop&quot;,&quot;laptop&quot;,&quot;tablet&quot;,&quot;mobile&quot;]}\" data-widget_type=\"heading.default\">\n\t\t\t\t<div class=\"elementor-widget-container\">\n\t\t\t\t\t<h4 class=\"elementor-heading-title elementor-size-default\">Trabajamos con usted para crear soluciones \u00fanicas e innovadoras.<\/h4>\t\t\t\t<\/div>\n\t\t\t\t<\/div>\n\t\t\t\t<div class=\"elementor-element elementor-element-316f9e6 elementor-widget elementor-widget-text-editor\" data-id=\"316f9e6\" data-element_type=\"widget\" data-e-type=\"widget\" data-widget_type=\"text-editor.default\">\n\t\t\t\t<div class=\"elementor-widget-container\">\n\t\t\t\t\t\t\t\t\t<p>Estamos aqu\u00ed para colaborar con usted y convertir sus visiones en realidad. Su reto se convierte en nuestra misi\u00f3n, y juntos podemos crear soluciones \u00fanicas e innovadoras<\/p>\t\t\t\t\t\t\t\t<\/div>\n\t\t\t\t<\/div>\n\t\t\t\t\t<\/div>\n\t\t<\/div>\n\t\t\t\t\t<\/div>\n\t\t<\/section>\n\t\t\t\t<section data-dce-background-image-url=\"https:\/\/keyfuture.com\/wp-content\/uploads\/2024\/01\/backgroundOnDemandBalls.webp\" class=\"elementor-section elementor-top-section elementor-element elementor-element-d2c1667 elementor-section-boxed elementor-section-height-default elementor-section-height-default\" data-id=\"d2c1667\" data-element_type=\"section\" data-e-type=\"section\" data-settings=\"{&quot;jet_parallax_layout_list&quot;:[],&quot;background_background&quot;:&quot;classic&quot;,&quot;background_motion_fx_motion_fx_mouse&quot;:&quot;yes&quot;,&quot;background_motion_fx_mouseTrack_effect&quot;:&quot;yes&quot;,&quot;background_motion_fx_mouseTrack_direction&quot;:&quot;negative&quot;,&quot;background_motion_fx_mouseTrack_speed&quot;:{&quot;unit&quot;:&quot;px&quot;,&quot;size&quot;:0.1,&quot;sizes&quot;:[]}}\">\n\t\t\t\t\t\t<div class=\"elementor-container elementor-column-gap-default\">\n\t\t\t\t\t<div class=\"elementor-column elementor-col-100 elementor-top-column elementor-element elementor-element-c2cf24b\" data-id=\"c2cf24b\" data-element_type=\"column\" data-e-type=\"column\">\n\t\t\t<div class=\"elementor-widget-wrap elementor-element-populated\">\n\t\t\t\t\t\t<div data-dce-text-color=\"#FFFFFF\" data-dce-title-color=\"#ffffff\" class=\"elementor-element elementor-element-48155fc elementor-widget elementor-widget-ucaddon_cover_flow_carousel\" data-id=\"48155fc\" data-element_type=\"widget\" data-e-type=\"widget\" data-widget_type=\"ucaddon_cover_flow_carousel.default\">\n\t\t\t\t<div class=\"elementor-widget-container\">\n\t\t\t\t\t<!-- start Coverflow Carousel -->\n\t\t<link id='uc_ac_assets_file_jquery_flipster_css_16350-css' href='https:\/\/keyfuture.com\/wp-content\/uploads\/ac_assets\/cover_flow_carousel\/jquery.flipster.css' type='text\/css' rel='stylesheet' >\n\n\t\t\t<style type=\"text\/css\">\/* widget: Coverflow Carousel *\/\n\n#uc_cover_flow_carousel_elementor_48155fc{\ndisplay: none;\n}\n#uc_cover_flow_carousel_elementor_48155fc .flipster__item img\n{\n  \n  display:block;\n  width:100%;\n}\n#uc_cover_flow_carousel_elementor_48155fc .flipster__item__content\n{\n  overflow:hidden;\n  position:relative;  \n      -webkit-box-reflect: unset;\n    box-reflect: unset;\n  }\n\n#uc_cover_flow_carousel_elementor_48155fc .flipster__nav__item a\n{\n  z-index:1;\n}\n\n.ue-flip-item-title\n{\n  font-size:21px;\n}\n\n#uc_cover_flow_carousel_elementor_48155fc .ue-item-btn a\n{\n  text-decoration:none;\n  text-align:center;\n  transition:0.3s;\n}\n\n\n   #uc_cover_flow_carousel_elementor_48155fc .ue-flip-item-content\n    {\n      position:absolute;\n      top:0;\n      left:0;\n      right:0;\n      bottom:0;\n      display:flex;\n      flex-direction:column;\n      align-items:center;\n      justify-content:center;\n      transition:0.3s;\n    }\n\n\n#uc_cover_flow_carousel_elementor_48155fc .flipster__button\n{\n  line-height:1em;\n  margin:0;\n}\n\n#uc_cover_flow_carousel_elementor_48155fc .ue-flip-item-icon\n{\n  line-height:1em;\n  display:inline-flex;\n  justify-content:center;\n  align-items:center;\n  \n}\n\n#uc_cover_flow_carousel_elementor_48155fc .ue-flip-item-icon svg\n{\n  height:1em;\n  width:1em;\n}\n\n#uc_cover_flow_carousel_elementor_48155fc .flipster__container, #uc_cover_flow_carousel_elementor_48155fc .flipster__item, #uc_cover_flow_carousel_elementor_48155fc .flipster__item__content\n{\n  transition:500ms;\n}\n\n#uc_cover_flow_carousel_elementor_48155fc .flipster__nav__link::after\n{\n  background-color:#141414;\n}\n\n#uc_cover_flow_carousel_elementor_48155fc .flipster__nav__item a\n{\n  color:#141414;\n}\n\n#uc_cover_flow_carousel_elementor_48155fc .flipster__nav__item--current>.flipster__nav__link\n{\n  color:#ffffff;\n}\n\n<\/style>\n\n\t\t\t<div class=\"ue-coverflow  \" id=\"uc_cover_flow_carousel_elementor_48155fc\"  >\n        <ul class=\"flip-items uc-items-wrapper\">\n            \n<li class=\"ue-coverflow-item\" data-flip-title=\"1\">\n  \n  \n  \n     <div class=\"ue-item-image\">\n   <a href=\"#\" >\n       \n          <img fetchpriority=\"high\" decoding=\"async\" src=\"https:\/\/keyfuture.com\/wp-content\/uploads\/2024\/01\/casehistory-1024x724.webp\" class=\"elementor-repeater-item-86fa604 ue-coverflow-image\" alt=\"casehistory\" width=\"1024\" height=\"724\" title=\"\"> \n      \t   \n   <\/a>\n    <\/div>\n     \n     <div class=\"ue-flip-item-content elementor-repeater-item-86fa604-item-content\">\n     <div class=\"ue-flip-item-content-inside\">\n              <div class=\"ue-flip-item-title\">HISTORIA DE UN CASO<\/div>       <div class=\"ue-flip-item-text\"><p>DI\u00c1LOGO, DISE\u00d1O, INTEGRACI\u00d3N.<br \/>El cliente y su petici\u00f3n como centro de nuestra actividad. Descubra los retos a los que se ha enfrentado KF y las soluciones que ha dise\u00f1ado y desarrollado para satisfacer las m\u00faltiples necesidades de los distintos mercados de sus clientes.<\/p><\/div>              <div class=\"ue-item-template\"><\/div>\n     <\/div>\n  <\/div>\n  <\/li>\n\n<li class=\"ue-coverflow-item\" data-flip-title=\"2\">\n  \n  \n  \n     <div class=\"ue-item-image\">\n   <a href=\"#\" >\n       \n          <img loading=\"lazy\" decoding=\"async\" src=\"https:\/\/keyfuture.com\/wp-content\/uploads\/2024\/01\/ricercaesviluppo-1024x724.webp\" class=\"elementor-repeater-item-7be1b97 ue-coverflow-image\" alt=\"ricercaesviluppo\" width=\"1024\" height=\"724\" title=\"\"> \n      \t   \n   <\/a>\n    <\/div>\n     \n     <div class=\"ue-flip-item-content elementor-repeater-item-7be1b97-item-content\">\n     <div class=\"ue-flip-item-content-inside\">\n              <div class=\"ue-flip-item-title\">OFICINA DE I+D<\/div>       <div class=\"ue-flip-item-text\"><p>CENTRO DE INNOVACI\u00d3N<br \/>La investigaci\u00f3n y el desarrollo son el n\u00facleo de nuestra empresa. Ingenieros experimentados especializados en el dise\u00f1o y desarrollo de soluciones a medida basadas en sus requisitos. Nuestro equipo desarrolla prototipos, los prueba y ensambla nuevas soluciones. La inspecci\u00f3n y el control de calidad garantizan que ofrezcamos excelencia a nuestros valiosos clientes son nuestra forma de trabajar para garantizar el mejor servicio a nuestros clientes.<\/p><\/div>              <div class=\"ue-item-template\"><\/div>\n     <\/div>\n  <\/div>\n  <\/li>\n\n        <\/ul>\n<\/div>\n\t\t\t<!-- end Coverflow Carousel -->\t\t\t\t<\/div>\n\t\t\t\t<\/div>\n\t\t\t\t<div class=\"elementor-element elementor-element-90449de elementor-align-center elementor-widget__width-auto e-transform elementor-hidden-desktop elementor-hidden-tablet elementor-widget elementor-widget-jet-lottie\" data-id=\"90449de\" data-element_type=\"widget\" data-e-type=\"widget\" data-settings=\"{&quot;_transform_rotateZ_effect&quot;:{&quot;unit&quot;:&quot;px&quot;,&quot;size&quot;:-90,&quot;sizes&quot;:[]},&quot;_transform_rotateZ_effect_laptop&quot;:{&quot;unit&quot;:&quot;deg&quot;,&quot;size&quot;:&quot;&quot;,&quot;sizes&quot;:[]},&quot;_transform_rotateZ_effect_tablet&quot;:{&quot;unit&quot;:&quot;deg&quot;,&quot;size&quot;:&quot;&quot;,&quot;sizes&quot;:[]},&quot;_transform_rotateZ_effect_mobile&quot;:{&quot;unit&quot;:&quot;deg&quot;,&quot;size&quot;:&quot;&quot;,&quot;sizes&quot;:[]}}\" data-widget_type=\"jet-lottie.default\">\n\t\t\t\t<div class=\"elementor-widget-container\">\n\t\t\t\t\t<div class=\"elementor-jet-lottie jet-elements\"><div class=\"jet-lottie\" data-settings=\"{&quot;path&quot;:&quot;https:\\\/\\\/keyfuture.com\\\/wp-content\\\/uploads\\\/2024\\\/03\\\/arrow-lottie-orange.json&quot;,&quot;renderer&quot;:&quot;svg&quot;,&quot;action_start&quot;:&quot;autoplay&quot;,&quot;delay&quot;:0,&quot;on_hover_out&quot;:&quot;default&quot;,&quot;redirect_timeout&quot;:0,&quot;viewport&quot;:&quot;&quot;,&quot;loop&quot;:true,&quot;loop_times&quot;:&quot;&quot;,&quot;reversed&quot;:false,&quot;play_speed&quot;:1}\"><div class=\"jet-lottie__elem\"><\/div><\/div><\/div>\t\t\t\t<\/div>\n\t\t\t\t<\/div>\n\t\t\t\t\t<\/div>\n\t\t<\/div>\n\t\t\t\t\t<\/div>\n\t\t<\/section>\n\t\t\t\t<\/div>\n\t\t","protected":false},"excerpt":{"rendered":"<p>Soluciones On Demand KF se compromete a ofrecer soluciones personalizadas que respondan exactamente a sus necesidades. Cont\u00e1ctenos Una soluci\u00f3n a medida En caso de que los productos est\u00e1ndar no satisfagan plenamente la demanda, estamos dispuestos a trabajar con usted para crear una soluci\u00f3n personalizada. Esto significa definir juntos las especificaciones y los objetivos, colaborar estrechamente [&hellip;]<\/p>\n","protected":false},"author":1,"featured_media":0,"parent":0,"menu_order":0,"comment_status":"closed","ping_status":"closed","template":"elementor_header_footer","meta":{"_acf_changed":false,"footnotes":""},"class_list":["post-5539","page","type-page","status-publish","hentry"],"acf":[],"_links":{"self":[{"href":"https:\/\/keyfuture.com\/es\/wp-json\/wp\/v2\/pages\/5539","targetHints":{"allow":["GET"]}}],"collection":[{"href":"https:\/\/keyfuture.com\/es\/wp-json\/wp\/v2\/pages"}],"about":[{"href":"https:\/\/keyfuture.com\/es\/wp-json\/wp\/v2\/types\/page"}],"author":[{"embeddable":true,"href":"https:\/\/keyfuture.com\/es\/wp-json\/wp\/v2\/users\/1"}],"replies":[{"embeddable":true,"href":"https:\/\/keyfuture.com\/es\/wp-json\/wp\/v2\/comments?post=5539"}],"version-history":[{"count":16,"href":"https:\/\/keyfuture.com\/es\/wp-json\/wp\/v2\/pages\/5539\/revisions"}],"predecessor-version":[{"id":7185,"href":"https:\/\/keyfuture.com\/es\/wp-json\/wp\/v2\/pages\/5539\/revisions\/7185"}],"wp:attachment":[{"href":"https:\/\/keyfuture.com\/es\/wp-json\/wp\/v2\/media?parent=5539"}],"curies":[{"name":"wp","href":"https:\/\/api.w.org\/{rel}","templated":true}]}}